{"id":177,"date":"2025-02-24T15:49:13","date_gmt":"2025-02-24T15:49:13","guid":{"rendered":"https:\/\/michaelaage.dk\/?page_id=177"},"modified":"2025-02-24T19:07:17","modified_gmt":"2025-02-24T19:07:17","slug":"white-war","status":"publish","type":"page","link":"https:\/\/michaelaage.dk\/?page_id=177","title":{"rendered":"White War"},"content":{"rendered":"\n<p>The White War (Italian: Guerra Bianca, German: Gebirgskrieg, Hungarian: Feh\u00e9r H\u00e1bor\u00fa) is the name given to the fighting in the high-altitude Alpine sector of the Italian front during the First World War, principally in the Dolomites, the Ortles-Cevedale Alps and the Adamello-Presanella Alps.<br><br>More than two-thirds of this conflict zone lies at an altitude above 2,000m, rising to 3905m at Mount Ortler. In 1917 New York World correspondent E. Alexander Powell wrote: \u201cOn no front, not on the sun-scorched plains of Mesopotamia, nor in the frozen Mazurian marshes, nor in the blood-soaked mud of Flanders, does the fighting man lead so arduous an existence as up here on the roof of the world.<br><br>To day the area is laying grund to the ongoing fight between tourists and nature.<\/p>\n\n\n\n<p><\/p>\n\n\n\n<figure class=\"wp-block-gallery has-nested-images columns-default is-cropped wp-block-gallery-1 is-layout-flex wp-block-gallery-is-layout-flex\">\n<figure class=\"wp-block-image size-full\"><a href=\"https:\/\/michaelaage.dk\/wp-content\/uploads\/2025\/02\/white_war-00402-scaled.jpg\"><img loading=\"lazy\" decoding=\"async\" width=\"2560\" height=\"1707\" data-id=\"184\" src=\"https:\/\/michaelaage.dk\/wp-content\/uploads\/2025\/02\/white_war-00402-scaled.jpg\" alt=\"\" class=\"wp-image-184\" srcset=\"https:\/\/michaelaage.dk\/wp-content\/uploads\/2025\/02\/white_war-00402-scaled.jpg 2560w, https:\/\/michaelaage.dk\/wp-content\/uploads\/2025\/02\/white_war-00402-800x533.jpg 800w, https:\/\/michaelaage.dk\/wp-content\/uploads\/2025\/02\/white_war-00402-1024x683.jpg 1024w, https:\/\/michaelaage.dk\/wp-content\/uploads\/2025\/02\/white_war-00402-768x512.jpg 768w, https:\/\/michaelaage.dk\/wp-content\/uploads\/2025\/02\/white_war-00402-1536x1024.jpg 1536w, https:\/\/michaelaage.dk\/wp-content\/uploads\/2025\/02\/white_war-00402-2048x1365.jpg 2048w, https:\/\/michaelaage.dk\/wp-content\/uploads\/2025\/02\/white_war-00402-1200x800.jpg 1200w, https:\/\/michaelaage.dk\/wp-content\/uploads\/2025\/02\/white_war-00402-1860x1240.jpg 1860w\" sizes=\"auto, (max-width: 2560px) 100vw, 2560px\" \/><\/a><\/figure>\n\n\n\n<figure class=\"wp-block-image size-full\"><a href=\"https:\/\/michaelaage.dk\/wp-content\/uploads\/2025\/02\/white_war-00504-scaled.jpg\"><img loading=\"lazy\" decoding=\"async\" width=\"1707\" height=\"2560\" data-id=\"185\" src=\"https:\/\/michaelaage.dk\/wp-content\/uploads\/2025\/02\/white_war-00504-scaled.jpg\" alt=\"\" class=\"wp-image-185\" srcset=\"https:\/\/michaelaage.dk\/wp-content\/uploads\/2025\/02\/white_war-00504-scaled.jpg 1707w, https:\/\/michaelaage.dk\/wp-content\/uploads\/2025\/02\/white_war-00504-533x800.jpg 533w, https:\/\/michaelaage.dk\/wp-content\/uploads\/2025\/02\/white_war-00504-683x1024.jpg 683w, https:\/\/michaelaage.dk\/wp-content\/uploads\/2025\/02\/white_war-00504-768x1152.jpg 768w, https:\/\/michaelaage.dk\/wp-content\/uploads\/2025\/02\/white_war-00504-1024x1536.jpg 1024w, https:\/\/michaelaage.dk\/wp-content\/uploads\/2025\/02\/white_war-00504-1365x2048.jpg 1365w, https:\/\/michaelaage.dk\/wp-content\/uploads\/2025\/02\/white_war-00504-1200x1800.jpg 1200w, https:\/\/michaelaage.dk\/wp-content\/uploads\/2025\/02\/white_war-00504-1860x2790.jpg 1860w\" sizes=\"auto, (max-width: 1707px) 100vw, 1707px\" \/><\/a><\/figure>\n\n\n\n<figure class=\"wp-block-image size-full\"><a href=\"https:\/\/michaelaage.dk\/wp-content\/uploads\/2025\/02\/white_war-00528-scaled.jpg\"><img loading=\"lazy\" decoding=\"async\" width=\"1707\" height=\"2560\" data-id=\"186\" src=\"https:\/\/michaelaage.dk\/wp-content\/uploads\/2025\/02\/white_war-00528-scaled.jpg\" alt=\"\" class=\"wp-image-186\" srcset=\"https:\/\/michaelaage.dk\/wp-content\/uploads\/2025\/02\/white_war-00528-scaled.jpg 1707w, https:\/\/michaelaage.dk\/wp-content\/uploads\/2025\/02\/white_war-00528-533x800.jpg 533w, https:\/\/michaelaage.dk\/wp-content\/uploads\/2025\/02\/white_war-00528-683x1024.jpg 683w, https:\/\/michaelaage.dk\/wp-content\/uploads\/2025\/02\/white_war-00528-768x1152.jpg 768w, https:\/\/michaelaage.dk\/wp-content\/uploads\/2025\/02\/white_war-00528-1024x1536.jpg 1024w, https:\/\/michaelaage.dk\/wp-content\/uploads\/2025\/02\/white_war-00528-1365x2048.jpg 1365w, https:\/\/michaelaage.dk\/wp-content\/uploads\/2025\/02\/white_war-00528-1200x1800.jpg 1200w, https:\/\/michaelaage.dk\/wp-content\/uploads\/2025\/02\/white_war-00528-1860x2790.jpg 1860w\" sizes=\"auto, (max-width: 1707px) 100vw, 1707px\" \/><\/a><\/figure>\n\n\n\n<figure class=\"wp-block-image size-full\"><a href=\"https:\/\/michaelaage.dk\/wp-content\/uploads\/2025\/02\/white_war-00606-scaled.jpg\"><img loading=\"lazy\" decoding=\"async\" width=\"2560\" height=\"1707\" data-id=\"187\" src=\"https:\/\/michaelaage.dk\/wp-content\/uploads\/2025\/02\/white_war-00606-scaled.jpg\" alt=\"\" class=\"wp-image-187\" srcset=\"https:\/\/michaelaage.dk\/wp-content\/uploads\/2025\/02\/white_war-00606-scaled.jpg 2560w, https:\/\/michaelaage.dk\/wp-content\/uploads\/2025\/02\/white_war-00606-800x533.jpg 800w, https:\/\/michaelaage.dk\/wp-content\/uploads\/2025\/02\/white_war-00606-1024x683.jpg 1024w, https:\/\/michaelaage.dk\/wp-content\/uploads\/2025\/02\/white_war-00606-768x512.jpg 768w, https:\/\/michaelaage.dk\/wp-content\/uploads\/2025\/02\/white_war-00606-1536x1024.jpg 1536w, https:\/\/michaelaage.dk\/wp-content\/uploads\/2025\/02\/white_war-00606-2048x1365.jpg 2048w, https:\/\/michaelaage.dk\/wp-content\/uploads\/2025\/02\/white_war-00606-1200x800.jpg 1200w, https:\/\/michaelaage.dk\/wp-content\/uploads\/2025\/02\/white_war-00606-1860x1240.jpg 1860w\" sizes=\"auto, (max-width: 2560px) 100vw, 2560px\" \/><\/a><\/figure>\n\n\n\n<figure class=\"wp-block-image size-full\"><a href=\"https:\/\/michaelaage.dk\/wp-content\/uploads\/2025\/02\/white_war-00629-scaled.jpg\"><img loading=\"lazy\" decoding=\"async\" width=\"2560\" height=\"1943\" data-id=\"188\" src=\"https:\/\/michaelaage.dk\/wp-content\/uploads\/2025\/02\/white_war-00629-scaled.jpg\" alt=\"\" class=\"wp-image-188\" srcset=\"https:\/\/michaelaage.dk\/wp-content\/uploads\/2025\/02\/white_war-00629-scaled.jpg 2560w, https:\/\/michaelaage.dk\/wp-content\/uploads\/2025\/02\/white_war-00629-800x607.jpg 800w, https:\/\/michaelaage.dk\/wp-content\/uploads\/2025\/02\/white_war-00629-1024x777.jpg 1024w, https:\/\/michaelaage.dk\/wp-content\/uploads\/2025\/02\/white_war-00629-768x583.jpg 768w, https:\/\/michaelaage.dk\/wp-content\/uploads\/2025\/02\/white_war-00629-1536x1166.jpg 1536w, https:\/\/michaelaage.dk\/wp-content\/uploads\/2025\/02\/white_war-00629-2048x1554.jpg 2048w, https:\/\/michaelaage.dk\/wp-content\/uploads\/2025\/02\/white_war-00629-1200x911.jpg 1200w, https:\/\/michaelaage.dk\/wp-content\/uploads\/2025\/02\/white_war-00629-1860x1412.jpg 1860w\" sizes=\"auto, (max-width: 2560px) 100vw, 2560px\" \/><\/a><\/figure>\n\n\n\n<figure class=\"wp-block-image size-full\"><a href=\"https:\/\/michaelaage.dk\/wp-content\/uploads\/2025\/02\/white_war-00632-scaled.jpg\"><img loading=\"lazy\" decoding=\"async\" width=\"1707\" height=\"2560\" data-id=\"189\" src=\"https:\/\/michaelaage.dk\/wp-content\/uploads\/2025\/02\/white_war-00632-scaled.jpg\" alt=\"\" class=\"wp-image-189\" srcset=\"https:\/\/michaelaage.dk\/wp-content\/uploads\/2025\/02\/white_war-00632-scaled.jpg 1707w, https:\/\/michaelaage.dk\/wp-content\/uploads\/2025\/02\/white_war-00632-533x800.jpg 533w, https:\/\/michaelaage.dk\/wp-content\/uploads\/2025\/02\/white_war-00632-683x1024.jpg 683w, https:\/\/michaelaage.dk\/wp-content\/uploads\/2025\/02\/white_war-00632-768x1152.jpg 768w, https:\/\/michaelaage.dk\/wp-content\/uploads\/2025\/02\/white_war-00632-1024x1536.jpg 1024w, https:\/\/michaelaage.dk\/wp-content\/uploads\/2025\/02\/white_war-00632-1365x2048.jpg 1365w, https:\/\/michaelaage.dk\/wp-content\/uploads\/2025\/02\/white_war-00632-1200x1800.jpg 1200w, https:\/\/michaelaage.dk\/wp-content\/uploads\/2025\/02\/white_war-00632-1860x2790.jpg 1860w\" sizes=\"auto, (max-width: 1707px) 100vw, 1707px\" \/><\/a><\/figure>\n\n\n\n<figure class=\"wp-block-image size-full\"><a href=\"https:\/\/michaelaage.dk\/wp-content\/uploads\/2025\/02\/white_war-00652-scaled.jpg\"><img loading=\"lazy\" decoding=\"async\" width=\"1904\" height=\"2560\" data-id=\"190\" src=\"https:\/\/michaelaage.dk\/wp-content\/uploads\/2025\/02\/white_war-00652-scaled.jpg\" alt=\"\" class=\"wp-image-190\" srcset=\"https:\/\/michaelaage.dk\/wp-content\/uploads\/2025\/02\/white_war-00652-scaled.jpg 1904w, https:\/\/michaelaage.dk\/wp-content\/uploads\/2025\/02\/white_war-00652-595x800.jpg 595w, https:\/\/michaelaage.dk\/wp-content\/uploads\/2025\/02\/white_war-00652-761x1024.jpg 761w, https:\/\/michaelaage.dk\/wp-content\/uploads\/2025\/02\/white_war-00652-768x1033.jpg 768w, https:\/\/michaelaage.dk\/wp-content\/uploads\/2025\/02\/white_war-00652-1142x1536.jpg 1142w, https:\/\/michaelaage.dk\/wp-content\/uploads\/2025\/02\/white_war-00652-1523x2048.jpg 1523w, https:\/\/michaelaage.dk\/wp-content\/uploads\/2025\/02\/white_war-00652-1200x1614.jpg 1200w, https:\/\/michaelaage.dk\/wp-content\/uploads\/2025\/02\/white_war-00652-1860x2501.jpg 1860w\" sizes=\"auto, (max-width: 1904px) 100vw, 1904px\" \/><\/a><\/figure>\n\n\n\n<figure class=\"wp-block-image size-full\"><a href=\"https:\/\/michaelaage.dk\/wp-content\/uploads\/2025\/02\/white_war-00653-scaled.jpg\"><img loading=\"lazy\" decoding=\"async\" width=\"1707\" height=\"2560\" data-id=\"191\" src=\"https:\/\/michaelaage.dk\/wp-content\/uploads\/2025\/02\/white_war-00653-scaled.jpg\" alt=\"\" class=\"wp-image-191\" srcset=\"https:\/\/michaelaage.dk\/wp-content\/uploads\/2025\/02\/white_war-00653-scaled.jpg 1707w, https:\/\/michaelaage.dk\/wp-content\/uploads\/2025\/02\/white_war-00653-533x800.jpg 533w, https:\/\/michaelaage.dk\/wp-content\/uploads\/2025\/02\/white_war-00653-683x1024.jpg 683w, https:\/\/michaelaage.dk\/wp-content\/uploads\/2025\/02\/white_war-00653-768x1152.jpg 768w, https:\/\/michaelaage.dk\/wp-content\/uploads\/2025\/02\/white_war-00653-1024x1536.jpg 1024w, https:\/\/michaelaage.dk\/wp-content\/uploads\/2025\/02\/white_war-00653-1365x2048.jpg 1365w, https:\/\/michaelaage.dk\/wp-content\/uploads\/2025\/02\/white_war-00653-1200x1800.jpg 1200w, https:\/\/michaelaage.dk\/wp-content\/uploads\/2025\/02\/white_war-00653-1860x2790.jpg 1860w\" sizes=\"auto, (max-width: 1707px) 100vw, 1707px\" \/><\/a><\/figure>\n\n\n\n<figure class=\"wp-block-image size-full\"><a href=\"https:\/\/michaelaage.dk\/wp-content\/uploads\/2025\/02\/white_war-00655-scaled.jpg\"><img loading=\"lazy\" decoding=\"async\" width=\"2560\" height=\"1627\" data-id=\"192\" src=\"https:\/\/michaelaage.dk\/wp-content\/uploads\/2025\/02\/white_war-00655-scaled.jpg\" alt=\"\" class=\"wp-image-192\" srcset=\"https:\/\/michaelaage.dk\/wp-content\/uploads\/2025\/02\/white_war-00655-scaled.jpg 2560w, https:\/\/michaelaage.dk\/wp-content\/uploads\/2025\/02\/white_war-00655-800x508.jpg 800w, https:\/\/michaelaage.dk\/wp-content\/uploads\/2025\/02\/white_war-00655-1024x651.jpg 1024w, https:\/\/michaelaage.dk\/wp-content\/uploads\/2025\/02\/white_war-00655-768x488.jpg 768w, https:\/\/michaelaage.dk\/wp-content\/uploads\/2025\/02\/white_war-00655-1536x976.jpg 1536w, https:\/\/michaelaage.dk\/wp-content\/uploads\/2025\/02\/white_war-00655-2048x1301.jpg 2048w, https:\/\/michaelaage.dk\/wp-content\/uploads\/2025\/02\/white_war-00655-1200x763.jpg 1200w, https:\/\/michaelaage.dk\/wp-content\/uploads\/2025\/02\/white_war-00655-1860x1182.jpg 1860w\" sizes=\"auto, (max-width: 2560px) 100vw, 2560px\" \/><\/a><\/figure>\n\n\n\n<figure class=\"wp-block-image size-full\"><a href=\"https:\/\/michaelaage.dk\/wp-content\/uploads\/2025\/02\/white_war-00657-scaled.jpg\"><img loading=\"lazy\" decoding=\"async\" width=\"2560\" height=\"1707\" data-id=\"193\" src=\"https:\/\/michaelaage.dk\/wp-content\/uploads\/2025\/02\/white_war-00657-scaled.jpg\" alt=\"\" class=\"wp-image-193\" srcset=\"https:\/\/michaelaage.dk\/wp-content\/uploads\/2025\/02\/white_war-00657-scaled.jpg 2560w, https:\/\/michaelaage.dk\/wp-content\/uploads\/2025\/02\/white_war-00657-800x533.jpg 800w, https:\/\/michaelaage.dk\/wp-content\/uploads\/2025\/02\/white_war-00657-1024x683.jpg 1024w, https:\/\/michaelaage.dk\/wp-content\/uploads\/2025\/02\/white_war-00657-768x512.jpg 768w, https:\/\/michaelaage.dk\/wp-content\/uploads\/2025\/02\/white_war-00657-1536x1024.jpg 1536w, https:\/\/michaelaage.dk\/wp-content\/uploads\/2025\/02\/white_war-00657-2048x1365.jpg 2048w, https:\/\/michaelaage.dk\/wp-content\/uploads\/2025\/02\/white_war-00657-1200x800.jpg 1200w, https:\/\/michaelaage.dk\/wp-content\/uploads\/2025\/02\/white_war-00657-1860x1240.jpg 1860w\" sizes=\"auto, (max-width: 2560px) 100vw, 2560px\" \/><\/a><\/figure>\n\n\n\n<figure class=\"wp-block-image size-full\"><a href=\"https:\/\/michaelaage.dk\/wp-content\/uploads\/2025\/02\/white_war-00665-scaled.jpg\"><img loading=\"lazy\" decoding=\"async\" width=\"2560\" height=\"1707\" data-id=\"194\" src=\"https:\/\/michaelaage.dk\/wp-content\/uploads\/2025\/02\/white_war-00665-scaled.jpg\" alt=\"\" class=\"wp-image-194\" srcset=\"https:\/\/michaelaage.dk\/wp-content\/uploads\/2025\/02\/white_war-00665-scaled.jpg 2560w, https:\/\/michaelaage.dk\/wp-content\/uploads\/2025\/02\/white_war-00665-800x533.jpg 800w, https:\/\/michaelaage.dk\/wp-content\/uploads\/2025\/02\/white_war-00665-1024x683.jpg 1024w, https:\/\/michaelaage.dk\/wp-content\/uploads\/2025\/02\/white_war-00665-768x512.jpg 768w, https:\/\/michaelaage.dk\/wp-content\/uploads\/2025\/02\/white_war-00665-1536x1024.jpg 1536w, https:\/\/michaelaage.dk\/wp-content\/uploads\/2025\/02\/white_war-00665-2048x1365.jpg 2048w, https:\/\/michaelaage.dk\/wp-content\/uploads\/2025\/02\/white_war-00665-1200x800.jpg 1200w, https:\/\/michaelaage.dk\/wp-content\/uploads\/2025\/02\/white_war-00665-1860x1240.jpg 1860w\" sizes=\"auto, (max-width: 2560px) 100vw, 2560px\" \/><\/a><\/figure>\n\n\n\n<figure class=\"wp-block-image size-full\"><a href=\"https:\/\/michaelaage.dk\/wp-content\/uploads\/2025\/02\/white_war-00668-scaled.jpg\"><img loading=\"lazy\" decoding=\"async\" width=\"2560\" height=\"1767\" data-id=\"195\" src=\"https:\/\/michaelaage.dk\/wp-content\/uploads\/2025\/02\/white_war-00668-scaled.jpg\" alt=\"\" class=\"wp-image-195\" srcset=\"https:\/\/michaelaage.dk\/wp-content\/uploads\/2025\/02\/white_war-00668-scaled.jpg 2560w, https:\/\/michaelaage.dk\/wp-content\/uploads\/2025\/02\/white_war-00668-800x552.jpg 800w, https:\/\/michaelaage.dk\/wp-content\/uploads\/2025\/02\/white_war-00668-1024x707.jpg 1024w, https:\/\/michaelaage.dk\/wp-content\/uploads\/2025\/02\/white_war-00668-768x530.jpg 768w, https:\/\/michaelaage.dk\/wp-content\/uploads\/2025\/02\/white_war-00668-1536x1060.jpg 1536w, https:\/\/michaelaage.dk\/wp-content\/uploads\/2025\/02\/white_war-00668-2048x1414.jpg 2048w, https:\/\/michaelaage.dk\/wp-content\/uploads\/2025\/02\/white_war-00668-1200x828.jpg 1200w, https:\/\/michaelaage.dk\/wp-content\/uploads\/2025\/02\/white_war-00668-1860x1284.jpg 1860w\" sizes=\"auto, (max-width: 2560px) 100vw, 2560px\" \/><\/a><\/figure>\n\n\n\n<figure class=\"wp-block-image size-full\"><a href=\"https:\/\/michaelaage.dk\/wp-content\/uploads\/2025\/02\/white_war-00676-scaled.jpg\"><img loading=\"lazy\" decoding=\"async\" width=\"1707\" height=\"2560\" data-id=\"196\" src=\"https:\/\/michaelaage.dk\/wp-content\/uploads\/2025\/02\/white_war-00676-scaled.jpg\" alt=\"\" class=\"wp-image-196\" srcset=\"https:\/\/michaelaage.dk\/wp-content\/uploads\/2025\/02\/white_war-00676-scaled.jpg 1707w, https:\/\/michaelaage.dk\/wp-content\/uploads\/2025\/02\/white_war-00676-533x800.jpg 533w, https:\/\/michaelaage.dk\/wp-content\/uploads\/2025\/02\/white_war-00676-683x1024.jpg 683w, https:\/\/michaelaage.dk\/wp-content\/uploads\/2025\/02\/white_war-00676-768x1152.jpg 768w, https:\/\/michaelaage.dk\/wp-content\/uploads\/2025\/02\/white_war-00676-1024x1536.jpg 1024w, https:\/\/michaelaage.dk\/wp-content\/uploads\/2025\/02\/white_war-00676-1365x2048.jpg 1365w, https:\/\/michaelaage.dk\/wp-content\/uploads\/2025\/02\/white_war-00676-1200x1800.jpg 1200w, https:\/\/michaelaage.dk\/wp-content\/uploads\/2025\/02\/white_war-00676-1860x2790.jpg 1860w\" sizes=\"auto, (max-width: 1707px) 100vw, 1707px\" \/><\/a><\/figure>\n\n\n\n<figure class=\"wp-block-image size-full\"><a href=\"https:\/\/michaelaage.dk\/wp-content\/uploads\/2025\/02\/white_war-00679-scaled.jpg\"><img loading=\"lazy\" decoding=\"async\" width=\"2560\" height=\"1749\" data-id=\"197\" src=\"https:\/\/michaelaage.dk\/wp-content\/uploads\/2025\/02\/white_war-00679-scaled.jpg\" alt=\"\" class=\"wp-image-197\" srcset=\"https:\/\/michaelaage.dk\/wp-content\/uploads\/2025\/02\/white_war-00679-scaled.jpg 2560w, https:\/\/michaelaage.dk\/wp-content\/uploads\/2025\/02\/white_war-00679-800x547.jpg 800w, https:\/\/michaelaage.dk\/wp-content\/uploads\/2025\/02\/white_war-00679-1024x700.jpg 1024w, https:\/\/michaelaage.dk\/wp-content\/uploads\/2025\/02\/white_war-00679-768x525.jpg 768w, https:\/\/michaelaage.dk\/wp-content\/uploads\/2025\/02\/white_war-00679-1536x1050.jpg 1536w, https:\/\/michaelaage.dk\/wp-content\/uploads\/2025\/02\/white_war-00679-2048x1399.jpg 2048w, https:\/\/michaelaage.dk\/wp-content\/uploads\/2025\/02\/white_war-00679-1200x820.jpg 1200w, https:\/\/michaelaage.dk\/wp-content\/uploads\/2025\/02\/white_war-00679-1860x1271.jpg 1860w\" sizes=\"auto, (max-width: 2560px) 100vw, 2560px\" \/><\/a><\/figure>\n\n\n\n<figure class=\"wp-block-image size-full\"><a href=\"https:\/\/michaelaage.dk\/wp-content\/uploads\/2025\/02\/white_war-00692-scaled.jpg\"><img loading=\"lazy\" decoding=\"async\" width=\"1707\" height=\"2560\" data-id=\"198\" src=\"https:\/\/michaelaage.dk\/wp-content\/uploads\/2025\/02\/white_war-00692-scaled.jpg\" alt=\"\" class=\"wp-image-198\" srcset=\"https:\/\/michaelaage.dk\/wp-content\/uploads\/2025\/02\/white_war-00692-scaled.jpg 1707w, https:\/\/michaelaage.dk\/wp-content\/uploads\/2025\/02\/white_war-00692-533x800.jpg 533w, https:\/\/michaelaage.dk\/wp-content\/uploads\/2025\/02\/white_war-00692-683x1024.jpg 683w, https:\/\/michaelaage.dk\/wp-content\/uploads\/2025\/02\/white_war-00692-768x1152.jpg 768w, https:\/\/michaelaage.dk\/wp-content\/uploads\/2025\/02\/white_war-00692-1024x1536.jpg 1024w, https:\/\/michaelaage.dk\/wp-content\/uploads\/2025\/02\/white_war-00692-1365x2048.jpg 1365w, https:\/\/michaelaage.dk\/wp-content\/uploads\/2025\/02\/white_war-00692-1200x1800.jpg 1200w, https:\/\/michaelaage.dk\/wp-content\/uploads\/2025\/02\/white_war-00692-1860x2790.jpg 1860w\" sizes=\"auto, (max-width: 1707px) 100vw, 1707px\" \/><\/a><\/figure>\n\n\n\n<figure class=\"wp-block-image size-full\"><a href=\"https:\/\/michaelaage.dk\/wp-content\/uploads\/2025\/02\/white_war-00759-scaled.jpg\"><img loading=\"lazy\" decoding=\"async\" width=\"2560\" height=\"1763\" data-id=\"199\" src=\"https:\/\/michaelaage.dk\/wp-content\/uploads\/2025\/02\/white_war-00759-scaled.jpg\" alt=\"\" class=\"wp-image-199\" srcset=\"https:\/\/michaelaage.dk\/wp-content\/uploads\/2025\/02\/white_war-00759-scaled.jpg 2560w, https:\/\/michaelaage.dk\/wp-content\/uploads\/2025\/02\/white_war-00759-800x551.jpg 800w, https:\/\/michaelaage.dk\/wp-content\/uploads\/2025\/02\/white_war-00759-1024x705.jpg 1024w, https:\/\/michaelaage.dk\/wp-content\/uploads\/2025\/02\/white_war-00759-768x529.jpg 768w, https:\/\/michaelaage.dk\/wp-content\/uploads\/2025\/02\/white_war-00759-1536x1058.jpg 1536w, https:\/\/michaelaage.dk\/wp-content\/uploads\/2025\/02\/white_war-00759-2048x1411.jpg 2048w, https:\/\/michaelaage.dk\/wp-content\/uploads\/2025\/02\/white_war-00759-1200x827.jpg 1200w, https:\/\/michaelaage.dk\/wp-content\/uploads\/2025\/02\/white_war-00759-1860x1281.jpg 1860w\" sizes=\"auto, (max-width: 2560px) 100vw, 2560px\" \/><\/a><\/figure>\n\n\n\n<figure class=\"wp-block-image size-full\"><a href=\"https:\/\/michaelaage.dk\/wp-content\/uploads\/2025\/02\/white_war-00785-scaled.jpg\"><img loading=\"lazy\" decoding=\"async\" width=\"2560\" height=\"1707\" data-id=\"200\" src=\"https:\/\/michaelaage.dk\/wp-content\/uploads\/2025\/02\/white_war-00785-scaled.jpg\" alt=\"\" class=\"wp-image-200\" srcset=\"https:\/\/michaelaage.dk\/wp-content\/uploads\/2025\/02\/white_war-00785-scaled.jpg 2560w, https:\/\/michaelaage.dk\/wp-content\/uploads\/2025\/02\/white_war-00785-800x533.jpg 800w, https:\/\/michaelaage.dk\/wp-content\/uploads\/2025\/02\/white_war-00785-1024x683.jpg 1024w, https:\/\/michaelaage.dk\/wp-content\/uploads\/2025\/02\/white_war-00785-768x512.jpg 768w, https:\/\/michaelaage.dk\/wp-content\/uploads\/2025\/02\/white_war-00785-1536x1024.jpg 1536w, https:\/\/michaelaage.dk\/wp-content\/uploads\/2025\/02\/white_war-00785-2048x1365.jpg 2048w, https:\/\/michaelaage.dk\/wp-content\/uploads\/2025\/02\/white_war-00785-1200x800.jpg 1200w, https:\/\/michaelaage.dk\/wp-content\/uploads\/2025\/02\/white_war-00785-1860x1240.jpg 1860w\" sizes=\"auto, (max-width: 2560px) 100vw, 2560px\" \/><\/a><\/figure>\n\n\n\n<figure class=\"wp-block-image size-full\"><a href=\"https:\/\/michaelaage.dk\/wp-content\/uploads\/2025\/02\/white_war-00819-scaled.jpg\"><img loading=\"lazy\" decoding=\"async\" width=\"1707\" height=\"2560\" data-id=\"201\" src=\"https:\/\/michaelaage.dk\/wp-content\/uploads\/2025\/02\/white_war-00819-scaled.jpg\" alt=\"\" class=\"wp-image-201\" srcset=\"https:\/\/michaelaage.dk\/wp-content\/uploads\/2025\/02\/white_war-00819-scaled.jpg 1707w, https:\/\/michaelaage.dk\/wp-content\/uploads\/2025\/02\/white_war-00819-533x800.jpg 533w, https:\/\/michaelaage.dk\/wp-content\/uploads\/2025\/02\/white_war-00819-683x1024.jpg 683w, https:\/\/michaelaage.dk\/wp-content\/uploads\/2025\/02\/white_war-00819-768x1152.jpg 768w, https:\/\/michaelaage.dk\/wp-content\/uploads\/2025\/02\/white_war-00819-1024x1536.jpg 1024w, https:\/\/michaelaage.dk\/wp-content\/uploads\/2025\/02\/white_war-00819-1365x2048.jpg 1365w, https:\/\/michaelaage.dk\/wp-content\/uploads\/2025\/02\/white_war-00819-1200x1800.jpg 1200w, https:\/\/michaelaage.dk\/wp-content\/uploads\/2025\/02\/white_war-00819-1860x2790.jpg 1860w\" sizes=\"auto, (max-width: 1707px) 100vw, 1707px\" \/><\/a><\/figure>\n<\/figure>\n","protected":false},"excerpt":{"rendered":"<p>The White War (Italian: Guerra Bianca, German: Gebirgskrieg, Hungarian: Feh\u00e9r H\u00e1bor\u00fa) is the name given to the fighting in the high-altitude Alpine sector of the Italian front during the First World War, principally in the Dolomites, the Ortles-Cevedale Alps and the Adamello-Presanella Alps. More than two-thirds of this conflict zone lies at an altitude above [&hellip;]<\/p>\n","protected":false},"author":1,"featured_media":0,"parent":0,"menu_order":0,"comment_status":"closed","ping_status":"closed","template":"","meta":{"footnotes":""},"class_list":["post-177","page","type-page","status-publish","hentry","missing-thumbnail"],"jetpack_sharing_enabled":true,"_links":{"self":[{"href":"https:\/\/michaelaage.dk\/index.php?rest_route=\/wp\/v2\/pages\/177","targetHints":{"allow":["GET"]}}],"collection":[{"href":"https:\/\/michaelaage.dk\/index.php?rest_route=\/wp\/v2\/pages"}],"about":[{"href":"https:\/\/michaelaage.dk\/index.php?rest_route=\/wp\/v2\/types\/page"}],"author":[{"embeddable":true,"href":"https:\/\/michaelaage.dk\/index.php?rest_route=\/wp\/v2\/users\/1"}],"replies":[{"embeddable":true,"href":"https:\/\/michaelaage.dk\/index.php?rest_route=%2Fwp%2Fv2%2Fcomments&post=177"}],"version-history":[{"count":3,"href":"https:\/\/michaelaage.dk\/index.php?rest_route=\/wp\/v2\/pages\/177\/revisions"}],"predecessor-version":[{"id":203,"href":"https:\/\/michaelaage.dk\/index.php?rest_route=\/wp\/v2\/pages\/177\/revisions\/203"}],"wp:attachment":[{"href":"https:\/\/michaelaage.dk\/index.php?rest_route=%2Fwp%2Fv2%2Fmedia&parent=177"}],"curies":[{"name":"wp","href":"https:\/\/api.w.org\/{rel}","templated":true}]}}