{"id":372,"date":"2026-04-22T08:32:16","date_gmt":"2026-04-22T08:32:16","guid":{"rendered":"https:\/\/michaelaage.dk\/?page_id=372"},"modified":"2026-04-22T08:34:55","modified_gmt":"2026-04-22T08:34:55","slug":"faa-information-paa-e-mail-fra-michaelaage","status":"publish","type":"page","link":"https:\/\/michaelaage.dk\/?page_id=372","title":{"rendered":"Kunstmarked: F\u00e5 information p\u00e5 e-mail fra Michaelaage"},"content":{"rendered":"\n<p>25-4-2026 Kunstmarked: Ved k\u00f8b af v\u00e6rk deltager du i lodtr\u00e6kningen om en gratis fotosession (portr\u00e6t), hvor du f\u00e5r de udvalgte fotos digitalt, som du kan dele og printe mm.<br>Skriv dit navn og e-mail herunder og tryk p\u00e5 Indsend, s\u00e5 er du med i lodtr\u00e6kningen.<\/p>\n\n\n\n<div class=\"forminator-guttenberg\"><div class=\"forminator-ui forminator-custom-form forminator-custom-form-371 forminator-design--default  forminator_ajax\" data-forminator-render=\"0\" data-form=\"forminator-module-371\" data-uid=\"69f4f946c721e\"><br\/><\/div><form\n\t\t\t\tid=\"forminator-module-371\"\n\t\t\t\tclass=\"forminator-ui forminator-custom-form forminator-custom-form-371 forminator-design--default  forminator_ajax\"\n\t\t\t\tmethod=\"post\"\n\t\t\t\tdata-forminator-render=\"0\"\n\t\t\t\tdata-form-id=\"371\"\n\t\t\t\t data-color-option=\"theme\" data-design=\"default\" data-grid=\"open\" style=\"display: none;\"\n\t\t\t\tdata-uid=\"69f4f946c721e\"\n\t\t\t><div role=\"alert\" aria-live=\"polite\" class=\"forminator-response-message forminator-error\" aria-hidden=\"true\"><\/div><div class=\"forminator-row\"><div id=\"name-1\" class=\"forminator-field-name forminator-col forminator-col-12 \"><div class=\"forminator-field\"><label for=\"forminator-field-name-1_69f4f946c721e\" id=\"forminator-field-name-1_69f4f946c721e-label\" class=\"forminator-label\">Fornavn <span class=\"forminator-required\">*<\/span><\/label><input type=\"text\" name=\"name-1\" value=\"\" placeholder=\"\" id=\"forminator-field-name-1_69f4f946c721e\" class=\"forminator-input forminator-name--field\" aria-required=\"true\" autocomplete=\"name\" \/><\/div><\/div><\/div><div class=\"forminator-row\"><div id=\"email-1\" class=\"forminator-field-email forminator-col forminator-col-12 \"><div class=\"forminator-field\"><label for=\"forminator-field-email-1_69f4f946c721e\" id=\"forminator-field-email-1_69f4f946c721e-label\" class=\"forminator-label\">E-mail adresse <span class=\"forminator-required\">*<\/span><\/label><input type=\"email\" name=\"email-1\" value=\"\" placeholder=\"\" id=\"forminator-field-email-1_69f4f946c721e\" class=\"forminator-input forminator-email--field\" data-required=\"true\" aria-required=\"true\" autocomplete=\"email\" \/><\/div><\/div><\/div><div class=\"forminator-row\"><div id=\"checkbox-1\" class=\"forminator-field-checkbox forminator-col forminator-col-12 \"><div role=\"group\" class=\"forminator-field\" aria-labelledby=\"forminator-checkbox-group-forminator-field-checkbox-1-69f4f946c721e-label\"><span id=\"forminator-checkbox-group-forminator-field-checkbox-1-69f4f946c721e-label\" class=\"forminator-label\">Sig Ja til at modtage information fra Michaelaage.dk en gang i mellem (ikke spam)<\/span><label id=\"forminator-field-checkbox-1-1-69f4f946c721e-label\" for=\"forminator-field-checkbox-1-1-69f4f946c721e\" class=\"forminator-checkbox\" title=\"Ja, tak\"><input type=\"checkbox\" name=\"checkbox-1[]\" value=\"one\" id=\"forminator-field-checkbox-1-1-69f4f946c721e\" aria-labelledby=\"forminator-field-checkbox-1-1-69f4f946c721e-label\" data-calculation=\"0\" checked=\"checked\"  data-hidden-behavior=\"zero\"\/><span class=\"forminator-checkbox-box\" aria-hidden=\"true\"><\/span><span class=\"forminator-checkbox-label\">Ja, tak<\/span><\/label><\/div><\/div><\/div><input type=\"hidden\" name=\"referer_url\" value=\"\" \/><div class=\"forminator-row forminator-row-last\"><div class=\"forminator-col\"><div class=\"forminator-field\"><button class=\"forminator-button forminator-button-submit\">Indsend<\/button><\/div><\/div><\/div><input type=\"hidden\" id=\"forminator_nonce\" name=\"forminator_nonce\" value=\"894cf5ece9\" \/><input type=\"hidden\" name=\"_wp_http_referer\" value=\"\/index.php?rest_route=%2Fwp%2Fv2%2Fpages%2F372\" \/><input type=\"hidden\" name=\"form_id\" value=\"371\"><input type=\"hidden\" name=\"page_id\" value=\"372\"><input type=\"hidden\" name=\"form_type\" value=\"default\"><input type=\"hidden\" name=\"current_url\" value=\"https:\/\/michaelaage.dk\/?page_id=372\"><input type=\"hidden\" name=\"render_id\" value=\"0\"><input type=\"hidden\" name=\"action\" value=\"forminator_submit_form_custom-forms\"><\/form><\/div>\n","protected":false},"excerpt":{"rendered":"<p>25-4-2026 Kunstmarked: Ved k\u00f8b af v\u00e6rk deltager du i lodtr\u00e6kningen om en gratis fotosession (portr\u00e6t), hvor du f\u00e5r de udvalgte fotos digitalt, som du kan dele og printe mm.Skriv dit navn og e-mail herunder og tryk p\u00e5 Indsend, s\u00e5 er du med i lodtr\u00e6kningen.<\/p>\n","protected":false},"author":1,"featured_media":0,"parent":0,"menu_order":0,"comment_status":"closed","ping_status":"closed","template":"","meta":{"footnotes":""},"class_list":["post-372","page","type-page","status-publish","hentry","missing-thumbnail"],"jetpack_sharing_enabled":true,"_links":{"self":[{"href":"https:\/\/michaelaage.dk\/index.php?rest_route=\/wp\/v2\/pages\/372","targetHints":{"allow":["GET"]}}],"collection":[{"href":"https:\/\/michaelaage.dk\/index.php?rest_route=\/wp\/v2\/pages"}],"about":[{"href":"https:\/\/michaelaage.dk\/index.php?rest_route=\/wp\/v2\/types\/page"}],"author":[{"embeddable":true,"href":"https:\/\/michaelaage.dk\/index.php?rest_route=\/wp\/v2\/users\/1"}],"replies":[{"embeddable":true,"href":"https:\/\/michaelaage.dk\/index.php?rest_route=%2Fwp%2Fv2%2Fcomments&post=372"}],"version-history":[{"count":3,"href":"https:\/\/michaelaage.dk\/index.php?rest_route=\/wp\/v2\/pages\/372\/revisions"}],"predecessor-version":[{"id":376,"href":"https:\/\/michaelaage.dk\/index.php?rest_route=\/wp\/v2\/pages\/372\/revisions\/376"}],"wp:attachment":[{"href":"https:\/\/michaelaage.dk\/index.php?rest_route=%2Fwp%2Fv2%2Fmedia&parent=372"}],"curies":[{"name":"wp","href":"https:\/\/api.w.org\/{rel}","templated":true}]}}